{"id":685,"date":"2024-12-19T21:23:39","date_gmt":"2024-12-19T21:23:39","guid":{"rendered":"http:\/\/forestia.com.ar\/manual\/?page_id=685"},"modified":"2024-12-19T21:23:39","modified_gmt":"2024-12-19T21:23:39","slug":"bloque-8","status":"publish","type":"page","link":"https:\/\/forestia.com.ar\/manual\/bloque-8\/","title":{"rendered":"Bloque 8"},"content":{"rendered":"<div id='av_section_1'  class='avia-section av-8jwiu-8d866c1c75aaa0a606146142d7cb1deb alternate_color avia-section-no-padding avia-no-border-styling  avia-builder-el-0  avia-builder-el-no-sibling  avia-bg-style-scroll av-minimum-height av-minimum-height-100 av-height-100  container_wrap fullsize'   data-av_minimum_height_pc='100' data-av_min_height_opt='100'><div class='container av-section-cont-open' ><main  role=\"main\" itemprop=\"mainContentOfPage\"  class='template-page content  av-content-full alpha units'><div class='post-entry post-entry-type-page post-entry-685'><div class='entry-content-wrapper clearfix'>\n<div id='av-masonry-1' class='av-masonry av-m4ovdir0-a8b99fb87196b71e751bd2aca91786bb noHover av-fixed-size av-large-gap av-hover-overlay-active av-masonry-animation-active av-masonry-col-2 av-caption-always av-caption-style- av-masonry-entries av-desktop-columns-overwrite av-desktop-columns-2 av-medium-columns-overwrite av-medium-columns-2 ' data-post_id=\"685\"><div class=\"av-masonry-container isotope av-js-disabled\"><div class='av-masonry-entry isotope-item av-masonry-item-no-image '><\/div><a href=\"https:\/\/forestia.com.ar\/manual\/introduccion\/\"  id='av-masonry-1-item-496' data-av-masonry-item='496' class='av-masonry-entry isotope-item post-496 post type-post status-publish format-standard has-post-thumbnail hentry category-introduccion  av-masonry-item-with-image av-grid-img' title=\"Forestia | ID | RGB_Isologotipo vertical &#8211; Fullcolor\"   itemscope=\"itemscope\" itemtype=\"https:\/\/schema.org\/CreativeWork\" ><div class='av-inner-masonry-sizer'><\/div><figure class='av-inner-masonry main_color'><div class=\"av-masonry-outerimage-container\"><div class='av-masonry-image-container' style=\"background-image: url(https:\/\/forestia.com.ar\/manual\/wp-content\/uploads\/2024\/12\/Forestia-ID-RGB_Isologotipo-vertical-Fullcolor-705x505.png);\"  title=\"Forestia | ID | RGB_Isologotipo vertical &#8211; Fullcolor\" ><\/div><\/div><figcaption class='av-inner-masonry-content site-background'><div class='av-inner-masonry-content-pos'><div class='av-inner-masonry-content-pos-content'><div class='avia-arrow'><\/div><h3 class='av-masonry-entry-title entry-title '  itemprop=\"headline\" >Introducci\u00f3n<\/h3><span class='av-masonry-date meta-color updated'>14 diciembre, 2024<\/span><span class=\"av-masonry-text-sep text-sep-author\">\/<\/span><span class='av-masonry-author meta-color author'><span class='fn'>por c1552251<\/span><\/span><\/div><\/div><\/figcaption><\/figure><\/a><!--end av-masonry entry--><a href=\"https:\/\/forestia.com.ar\/manual\/capitulo-2-el-suelo-nuestro-mejor-amigo\/\"  id='av-masonry-1-item-511' data-av-masonry-item='511' class='av-masonry-entry isotope-item post-511 post type-post status-publish format-standard has-post-thumbnail hentry category-bloque-1 category-capitulo-2  av-masonry-item-with-image av-grid-img' title=\"gabriel-jimenez-jin4W1HqgL4-unsplash\"   itemscope=\"itemscope\" itemtype=\"https:\/\/schema.org\/CreativeWork\" ><div class='av-inner-masonry-sizer'><\/div><figure class='av-inner-masonry main_color'><div class=\"av-masonry-outerimage-container\"><div class='av-masonry-image-container' style=\"background-image: url(https:\/\/forestia.com.ar\/manual\/wp-content\/uploads\/2024\/12\/gabriel-jimenez-jin4W1HqgL4-unsplash-470x705.jpg);\"  title=\"gabriel-jimenez-jin4W1HqgL4-unsplash\" ><\/div><\/div><figcaption class='av-inner-masonry-content site-background'><div class='av-inner-masonry-content-pos'><div class='av-inner-masonry-content-pos-content'><div class='avia-arrow'><\/div><h3 class='av-masonry-entry-title entry-title '  itemprop=\"headline\" >Cap\u00edtulo 2: El suelo, nuestro mejor amigo<\/h3><span class='av-masonry-date meta-color updated'>14 diciembre, 2024<\/span><span class=\"av-masonry-text-sep text-sep-author\">\/<\/span><span class='av-masonry-author meta-color author'><span class='fn'>por c1552251<\/span><\/span><\/div><\/div><\/figcaption><\/figure><\/a><!--end av-masonry entry--><a href=\"https:\/\/forestia.com.ar\/manual\/580-2\/\"  id='av-masonry-1-item-580' data-av-masonry-item='580' class='av-masonry-entry isotope-item post-580 post type-post status-publish format-standard has-post-thumbnail hentry category-bloque-2  av-masonry-item-with-image av-grid-img' title=\"Canteros biodiversos\"   itemscope=\"itemscope\" itemtype=\"https:\/\/schema.org\/CreativeWork\" ><div class='av-inner-masonry-sizer'><\/div><figure class='av-inner-masonry main_color'><div class=\"av-masonry-outerimage-container\"><div class='av-masonry-image-container' style=\"background-image: url(https:\/\/forestia.com.ar\/manual\/wp-content\/uploads\/2024\/12\/WhatsApp-Image-2021-10-26-at-23.55.52-8-1024x1024-1-705x705.jpeg);\"  title=\"Canteros biodiversos\" ><\/div><\/div><figcaption class='av-inner-masonry-content site-background'><div class='av-inner-masonry-content-pos'><div class='av-inner-masonry-content-pos-content'><div class='avia-arrow'><\/div><h3 class='av-masonry-entry-title entry-title '  itemprop=\"headline\" >Canteros biodiversos<\/h3><span class='av-masonry-date meta-color updated'>18 diciembre, 2024<\/span><span class=\"av-masonry-text-sep text-sep-author\">\/<\/span><span class='av-masonry-author meta-color author'><span class='fn'>por c1552251<\/span><\/span><\/div><\/div><\/figcaption><\/figure><\/a><!--end av-masonry entry--><a href=\"https:\/\/forestia.com.ar\/manual\/introduccion-a-la-agroecologia\/\"  id='av-masonry-1-item-592' data-av-masonry-item='592' class='av-masonry-entry isotope-item post-592 post type-post status-publish format-standard has-post-thumbnail hentry category-bloque-1 category-capitulo-1  av-masonry-item-with-image av-grid-img' title=\"agriculturasosteniblelaguajira\"   itemscope=\"itemscope\" itemtype=\"https:\/\/schema.org\/CreativeWork\" ><div class='av-inner-masonry-sizer'><\/div><figure class='av-inner-masonry main_color'><div class=\"av-masonry-outerimage-container\"><div class='av-masonry-image-container' style=\"background-image: url(https:\/\/forestia.com.ar\/manual\/wp-content\/uploads\/2024\/12\/agriculturasosteniblelaguajira-705x311.jpg);\"  title=\"agriculturasosteniblelaguajira\" ><\/div><\/div><figcaption class='av-inner-masonry-content site-background'><div class='av-inner-masonry-content-pos'><div class='av-inner-masonry-content-pos-content'><div class='avia-arrow'><\/div><h3 class='av-masonry-entry-title entry-title '  itemprop=\"headline\" >Cap\u00edtulo 1: Introducci\u00f3n a la agroecolog\u00eda<\/h3><span class='av-masonry-date meta-color updated'>18 diciembre, 2024<\/span><span class=\"av-masonry-text-sep text-sep-author\">\/<\/span><span class='av-masonry-author meta-color author'><span class='fn'>por c1552251<\/span><\/span><\/div><\/div><\/figcaption><\/figure><\/a><!--end av-masonry entry--><a href=\"https:\/\/forestia.com.ar\/manual\/580-2-3\/\"  id='av-masonry-1-item-601' data-av-masonry-item='601' class='av-masonry-entry isotope-item post-601 post type-post status-publish format-standard has-post-thumbnail hentry category-bloque-2  av-masonry-item-with-image av-grid-img' title=\"Uso-eficiente-agua-en-agricultura\"   itemscope=\"itemscope\" itemtype=\"https:\/\/schema.org\/CreativeWork\" ><div class='av-inner-masonry-sizer'><\/div><figure class='av-inner-masonry main_color'><div class=\"av-masonry-outerimage-container\"><div class='av-masonry-image-container' style=\"background-image: url(https:\/\/forestia.com.ar\/manual\/wp-content\/uploads\/2024\/12\/Uso-eficiente-agua-en-agricultura.png);\"  title=\"Uso-eficiente-agua-en-agricultura\" ><\/div><\/div><figcaption class='av-inner-masonry-content site-background'><div class='av-inner-masonry-content-pos'><div class='av-inner-masonry-content-pos-content'><div class='avia-arrow'><\/div><h3 class='av-masonry-entry-title entry-title '  itemprop=\"headline\" >Manejo sustentable del agua<\/h3><span class='av-masonry-date meta-color updated'>18 diciembre, 2024<\/span><span class=\"av-masonry-text-sep text-sep-author\">\/<\/span><span class='av-masonry-author meta-color author'><span class='fn'>por c1552251<\/span><\/span><\/div><\/div><\/figcaption><\/figure><\/a><!--end av-masonry entry--><a href=\"https:\/\/forestia.com.ar\/manual\/580-2-4\/\"  id='av-masonry-1-item-615' data-av-masonry-item='615' class='av-masonry-entry isotope-item post-615 post type-post status-publish format-standard has-post-thumbnail hentry category-bloque-5-como-generar-tus-propios-insumos-para-la-produccion  av-masonry-item-with-image av-grid-img' title=\"como-hacer-composta-en-casa-el-secreto-para-un-jardin-saludable-y-ecologico-1715962001345_1280\"   itemscope=\"itemscope\" itemtype=\"https:\/\/schema.org\/CreativeWork\" ><div class='av-inner-masonry-sizer'><\/div><figure class='av-inner-masonry main_color'><div class=\"av-masonry-outerimage-container\"><div class='av-masonry-image-container' style=\"background-image: url(https:\/\/forestia.com.ar\/manual\/wp-content\/uploads\/2024\/12\/como-hacer-composta-en-casa-el-secreto-para-un-jardin-saludable-y-ecologico-1715962001345_1280-705x496.webp);\"  title=\"como-hacer-composta-en-casa-el-secreto-para-un-jardin-saludable-y-ecologico-1715962001345_1280\" ><\/div><\/div><figcaption class='av-inner-masonry-content site-background'><div class='av-inner-masonry-content-pos'><div class='av-inner-masonry-content-pos-content'><div class='avia-arrow'><\/div><h3 class='av-masonry-entry-title entry-title '  itemprop=\"headline\" >Compost &#8211; Vermicompostaje<\/h3><span class='av-masonry-date meta-color updated'>19 diciembre, 2024<\/span><span class=\"av-masonry-text-sep text-sep-author\">\/<\/span><span class='av-masonry-author meta-color author'><span class='fn'>por c1552251<\/span><\/span><\/div><\/div><\/figcaption><\/figure><\/a><!--end av-masonry entry--><a href=\"https:\/\/forestia.com.ar\/manual\/580-2-4-2\/\"  id='av-masonry-1-item-641' data-av-masonry-item='641' class='av-masonry-entry isotope-item post-641 post type-post status-publish format-standard has-post-thumbnail hentry category-bloque-5-como-generar-tus-propios-insumos-para-la-produccion  av-masonry-item-with-image av-grid-img' title=\"1285\"   itemscope=\"itemscope\" itemtype=\"https:\/\/schema.org\/CreativeWork\" ><div class='av-inner-masonry-sizer'><\/div><figure class='av-inner-masonry main_color'><div class=\"av-masonry-outerimage-container\"><div class='av-masonry-image-container' style=\"background-image: url(https:\/\/forestia.com.ar\/manual\/wp-content\/uploads\/2024\/12\/1285.webp);\"  title=\"1285\" ><\/div><\/div><figcaption class='av-inner-masonry-content site-background'><div class='av-inner-masonry-content-pos'><div class='av-inner-masonry-content-pos-content'><div class='avia-arrow'><\/div><h3 class='av-masonry-entry-title entry-title '  itemprop=\"headline\" >Bokashi<\/h3><span class='av-masonry-date meta-color updated'>19 diciembre, 2024<\/span><span class=\"av-masonry-text-sep text-sep-author\">\/<\/span><span class='av-masonry-author meta-color author'><span class='fn'>por c1552251<\/span><\/span><\/div><\/div><\/figcaption><\/figure><\/a><!--end av-masonry entry--><a href=\"https:\/\/forestia.com.ar\/manual\/580-2-4-2-2\/\"  id='av-masonry-1-item-644' data-av-masonry-item='644' class='av-masonry-entry isotope-item post-644 post type-post status-publish format-standard has-post-thumbnail hentry category-bloque-5-como-generar-insumos-para-tu-produccion  av-masonry-item-with-image av-grid-img' title=\"IMG_4227_600_595_95\"   itemscope=\"itemscope\" itemtype=\"https:\/\/schema.org\/CreativeWork\" ><div class='av-inner-masonry-sizer'><\/div><figure class='av-inner-masonry main_color'><div class=\"av-masonry-outerimage-container\"><div class='av-masonry-image-container' style=\"background-image: url(https:\/\/forestia.com.ar\/manual\/wp-content\/uploads\/2024\/12\/IMG_4227_600_595_95.jpeg);\"  title=\"IMG_4227_600_595_95\" ><\/div><\/div><figcaption class='av-inner-masonry-content site-background'><div class='av-inner-masonry-content-pos'><div class='av-inner-masonry-content-pos-content'><div class='avia-arrow'><\/div><h3 class='av-masonry-entry-title entry-title '  itemprop=\"headline\" >Biochar<\/h3><span class='av-masonry-date meta-color updated'>19 diciembre, 2024<\/span><span class=\"av-masonry-text-sep text-sep-author\">\/<\/span><span class='av-masonry-author meta-color author'><span class='fn'>por c1552251<\/span><\/span><\/div><\/div><\/figcaption><\/figure><\/a><!--end av-masonry entry--><a href=\"https:\/\/forestia.com.ar\/manual\/580-2-4-2-3\/\"  id='av-masonry-1-item-649' data-av-masonry-item='649' class='av-masonry-entry isotope-item post-649 post type-post status-publish format-standard has-post-thumbnail hentry category-bloque-5-como-generar-tus-propios-insumos-para-la-produccion  av-masonry-item-with-image av-grid-img' title=\"Hombre-con-biofertilizantes (1)\"   itemscope=\"itemscope\" itemtype=\"https:\/\/schema.org\/CreativeWork\" ><div class='av-inner-masonry-sizer'><\/div><figure class='av-inner-masonry main_color'><div class=\"av-masonry-outerimage-container\"><div class='av-masonry-image-container' style=\"background-image: url(https:\/\/forestia.com.ar\/manual\/wp-content\/uploads\/2024\/12\/Hombre-con-biofertilizantes-1-705x470.webp);\"  title=\"Hombre-con-biofertilizantes (1)\" ><\/div><\/div><figcaption class='av-inner-masonry-content site-background'><div class='av-inner-masonry-content-pos'><div class='av-inner-masonry-content-pos-content'><div class='avia-arrow'><\/div><h3 class='av-masonry-entry-title entry-title '  itemprop=\"headline\" >Biofertilizantes<\/h3><span class='av-masonry-date meta-color updated'>19 diciembre, 2024<\/span><span class=\"av-masonry-text-sep text-sep-author\">\/<\/span><span class='av-masonry-author meta-color author'><span class='fn'>por c1552251<\/span><\/span><\/div><\/div><\/figcaption><\/figure><\/a><!--end av-masonry entry--><a href=\"https:\/\/forestia.com.ar\/manual\/580-2-4-2-3-2-2\/\"  id='av-masonry-1-item-651' data-av-masonry-item='651' class='av-masonry-entry isotope-item post-651 post type-post status-publish format-standard has-post-thumbnail hentry category-bloque-5-como-generar-tus-propios-insumos-para-la-produccion  av-masonry-item-with-image av-grid-img' title=\"bioinsecticidas-mosca-blanca\"   itemscope=\"itemscope\" itemtype=\"https:\/\/schema.org\/CreativeWork\" ><div class='av-inner-masonry-sizer'><\/div><figure class='av-inner-masonry main_color'><div class=\"av-masonry-outerimage-container\"><div class='av-masonry-image-container' style=\"background-image: url(https:\/\/forestia.com.ar\/manual\/wp-content\/uploads\/2024\/12\/bioinsecticidas-mosca-blanca.jpg);\"  title=\"bioinsecticidas-mosca-blanca\" ><\/div><\/div><figcaption class='av-inner-masonry-content site-background'><div class='av-inner-masonry-content-pos'><div class='av-inner-masonry-content-pos-content'><div class='avia-arrow'><\/div><h3 class='av-masonry-entry-title entry-title '  itemprop=\"headline\" >Bioinsecticidas<\/h3><span class='av-masonry-date meta-color updated'>19 diciembre, 2024<\/span><span class=\"av-masonry-text-sep text-sep-author\">\/<\/span><span class='av-masonry-author meta-color author'><span class='fn'>por c1552251<\/span><\/span><\/div><\/div><\/figcaption><\/figure><\/a><!--end av-masonry entry--><a href=\"https:\/\/forestia.com.ar\/manual\/580-2-4-2-3-2\/\"  id='av-masonry-1-item-654' data-av-masonry-item='654' class='av-masonry-entry isotope-item post-654 post type-post status-publish format-standard has-post-thumbnail hentry category-bloque-5-como-generar-tus-propios-insumos-para-la-produccion  av-masonry-item-with-image av-grid-img' title=\"euonimus-con-oidium\"   itemscope=\"itemscope\" itemtype=\"https:\/\/schema.org\/CreativeWork\" ><div class='av-inner-masonry-sizer'><\/div><figure class='av-inner-masonry main_color'><div class=\"av-masonry-outerimage-container\"><div class='av-masonry-image-container' style=\"background-image: url(https:\/\/forestia.com.ar\/manual\/wp-content\/uploads\/2024\/12\/euonimus-con-oidium-705x441.jpg);\"  title=\"euonimus-con-oidium\" ><\/div><\/div><figcaption class='av-inner-masonry-content site-background'><div class='av-inner-masonry-content-pos'><div class='av-inner-masonry-content-pos-content'><div class='avia-arrow'><\/div><h3 class='av-masonry-entry-title entry-title '  itemprop=\"headline\" >Biofungicidas<\/h3><span class='av-masonry-date meta-color updated'>19 diciembre, 2024<\/span><span class=\"av-masonry-text-sep text-sep-author\">\/<\/span><span class='av-masonry-author meta-color author'><span class='fn'>por c1552251<\/span><\/span><\/div><\/div><\/figcaption><\/figure><\/a><!--end av-masonry entry--><\/div><a class='av-masonry-pagination av-masonry-load-more' href='#load-more'  data-link='category, 40'  data-term_rel='IN'  data-wc_prod_visible=''  data-wc_prod_hidden='hide'  data-wc_prod_featured=''  data-prod_order_by=''  data-prod_order=''  data-date_filter=''  data-date_filter_start=''  data-date_filter_end=''  data-date_filter_format='yy\/mm\/dd'  data-period_filter_unit_1='1'  data-period_filter_unit_2='year'  data-page_element_filter=''  data-sort='no'  data-query_orderby='date'  data-query_order='ASC'  data-caption_elements='title'  data-caption_styling=''  data-caption_display='always'  data-img_copyright=''  data-size='fixed manually'  data-orientation=''  data-image_size='masonry'  data-gap='large'  data-columns='2'  data-av-desktop-columns='2'  data-av-medium-columns='2'  data-av-small-columns=''  data-av-mini-columns=''  data-items='11'  data-paginate='load_more'  data-color=''  data-custom_bg='#ffffff'  data-img_copyright_font=''  data-av-desktop-font-img_copyright_font=''  data-av-medium-font-img_copyright_font=''  data-av-small-font-img_copyright_font=''  data-av-mini-font-img_copyright_font=''  data-img_copyright_color=''  data-img_copyright_bg=''  data-animation='active'  data-animation_duration=''  data-animation_custom_bg_color=''  data-animation_custom_bg_color_multi_list=''  data-animation_z_index_curtain='100'  data-overlay_fx='active'  data-img_scrset=''  data-lazy_loading='disabled'  data-av-desktop-hide=''  data-av-medium-hide=''  data-av-small-hide=''  data-av-mini-hide=''  data-alb_description=''  data-id=''  data-custom_class=''  data-template_class=''  data-av_uid='av-m4ovdir0'  data-sc_version='1.0'  data-ids=''  data-action=''  data-post_type='post, page, attachment, revision, nav_menu_item, custom_css, customize_changeset, oembed_cache, user_request, wp_block, wp_template, wp_template_part, wp_global_styles, wp_navigation, wp_font_family, wp_font_face, alb_custom_layout, portfolio, avia_framework_post'  data-offset='0'  data-container_links='active'  data-link_dest=''  data-lightbox_text=''  data-container_class='av-masonry-entries'  data-auto_ratio='1.7'  data-set_breadcrumb='1'  data-custom_markup=''  data-taxonomy='category'  data-categories='20,24,28,30,41,39,33,36,42,21,22,25,19'  data-avno='dbfe07564f'>Cargar m\u00e1s<\/a><\/div>\n\n","protected":false},"excerpt":{"rendered":"","protected":false},"author":2,"featured_media":0,"parent":0,"menu_order":0,"comment_status":"closed","ping_status":"closed","template":"","meta":{"footnotes":""},"class_list":["post-685","page","type-page","status-publish","hentry"],"_links":{"self":[{"href":"https:\/\/forestia.com.ar\/manual\/wp-json\/wp\/v2\/pages\/685","targetHints":{"allow":["GET"]}}],"collection":[{"href":"https:\/\/forestia.com.ar\/manual\/wp-json\/wp\/v2\/pages"}],"about":[{"href":"https:\/\/forestia.com.ar\/manual\/wp-json\/wp\/v2\/types\/page"}],"author":[{"embeddable":true,"href":"https:\/\/forestia.com.ar\/manual\/wp-json\/wp\/v2\/users\/2"}],"replies":[{"embeddable":true,"href":"https:\/\/forestia.com.ar\/manual\/wp-json\/wp\/v2\/comments?post=685"}],"version-history":[{"count":1,"href":"https:\/\/forestia.com.ar\/manual\/wp-json\/wp\/v2\/pages\/685\/revisions"}],"predecessor-version":[{"id":686,"href":"https:\/\/forestia.com.ar\/manual\/wp-json\/wp\/v2\/pages\/685\/revisions\/686"}],"wp:attachment":[{"href":"https:\/\/forestia.com.ar\/manual\/wp-json\/wp\/v2\/media?parent=685"}],"curies":[{"name":"wp","href":"https:\/\/api.w.org\/{rel}","templated":true}]}}